{"id":1052,"date":"2021-01-21T13:14:31","date_gmt":"2021-01-21T11:14:31","guid":{"rendered":"http:\/\/www.johannes-online.de\/wordpress\/?page_id=1052"},"modified":"2021-01-21T18:29:13","modified_gmt":"2021-01-21T16:29:13","slug":"elektronik-2","status":"publish","type":"page","link":"http:\/\/www.johannes-online.de\/wordpress\/?page_id=1052","title":{"rendered":"Elektronik"},"content":{"rendered":"\n<p>Hier werde ich einige Projekte vorstellen, die ich in meiner Freizeit umgesetzt habe.<br>Viel Spa\u00df beim Anschauen und vielleicht Nachbauen oder einfach f\u00fcr ein paar Inspirationen.<\/p>\n\n\n\n<figure class=\"wp-block-table alignleft is-style-stripes\"><table class=\"has-fixed-layout\"><tbody><tr><td class=\"has-text-align-left\" data-align=\"left\"><a href=\"http:\/\/www.johannes-online.de\/wordpress\/?page_id=1063\">Selbsthaltung f\u00fcr Taster an XBox Adaptive Controller<\/a><\/td><td><img loading=\"lazy\" width=\"2560\" height=\"1920\" class=\"wp-image-1612\" style=\"width: 150px;\" src=\"http:\/\/www.johannes-online.de\/wordpress\/wp-content\/uploads\/2021\/01\/IMG_20210119_161400-scaled.jpg\" alt=\"\" srcset=\"http:\/\/www.johannes-online.de\/wordpress\/wp-content\/uploads\/2021\/01\/IMG_20210119_161400-scaled.jpg 2560w, http:\/\/www.johannes-online.de\/wordpress\/wp-content\/uploads\/2021\/01\/IMG_20210119_161400-300x225.jpg 300w, http:\/\/www.johannes-online.de\/wordpress\/wp-content\/uploads\/2021\/01\/IMG_20210119_161400-1024x768.jpg 1024w, http:\/\/www.johannes-online.de\/wordpress\/wp-content\/uploads\/2021\/01\/IMG_20210119_161400-768x576.jpg 768w, http:\/\/www.johannes-online.de\/wordpress\/wp-content\/uploads\/2021\/01\/IMG_20210119_161400-1536x1152.jpg 1536w, http:\/\/www.johannes-online.de\/wordpress\/wp-content\/uploads\/2021\/01\/IMG_20210119_161400-2048x1536.jpg 2048w\" sizes=\"(max-width: 2560px) 100vw, 2560px\" \/><\/td><\/tr><\/tbody><\/table><\/figure>\n\n\n\n<p><\/p>\n","protected":false},"excerpt":{"rendered":"<p>Hier werde ich einige Projekte vorstellen, die ich in meiner Freizeit umgesetzt habe.Viel Spa\u00df beim Anschauen und vielleicht Nachbauen oder einfach f\u00fcr ein paar Inspirationen. Selbsthaltung f\u00fcr Taster an XBox Adaptive Controller<\/p>\n","protected":false},"author":1,"featured_media":0,"parent":0,"menu_order":0,"comment_status":"closed","ping_status":"closed","template":"","meta":{"ngg_post_thumbnail":0},"_links":{"self":[{"href":"http:\/\/www.johannes-online.de\/wordpress\/index.php?rest_route=\/wp\/v2\/pages\/1052"}],"collection":[{"href":"http:\/\/www.johannes-online.de\/wordpress\/index.php?rest_route=\/wp\/v2\/pages"}],"about":[{"href":"http:\/\/www.johannes-online.de\/wordpress\/index.php?rest_route=\/wp\/v2\/types\/page"}],"author":[{"embeddable":true,"href":"http:\/\/www.johannes-online.de\/wordpress\/index.php?rest_route=\/wp\/v2\/users\/1"}],"replies":[{"embeddable":true,"href":"http:\/\/www.johannes-online.de\/wordpress\/index.php?rest_route=%2Fwp%2Fv2%2Fcomments&post=1052"}],"version-history":[{"count":8,"href":"http:\/\/www.johannes-online.de\/wordpress\/index.php?rest_route=\/wp\/v2\/pages\/1052\/revisions"}],"predecessor-version":[{"id":1613,"href":"http:\/\/www.johannes-online.de\/wordpress\/index.php?rest_route=\/wp\/v2\/pages\/1052\/revisions\/1613"}],"wp:attachment":[{"href":"http:\/\/www.johannes-online.de\/wordpress\/index.php?rest_route=%2Fwp%2Fv2%2Fmedia&parent=1052"}],"curies":[{"name":"wp","href":"https:\/\/api.w.org\/{rel}","templated":true}]}}