{"id":1063,"date":"2021-01-21T13:29:48","date_gmt":"2021-01-21T11:29:48","guid":{"rendered":"http:\/\/www.johannes-online.de\/wordpress\/?page_id=1063"},"modified":"2021-01-21T18:25:35","modified_gmt":"2021-01-21T16:25:35","slug":"selbsthaltung-fuer-taster-an-xbox-adaptive-controller","status":"publish","type":"page","link":"http:\/\/www.johannes-online.de\/wordpress\/?page_id=1063","title":{"rendered":"Selbsthaltung f\u00fcr Taster an XBox Adaptive Controller"},"content":{"rendered":"\n<p>Hierbei handelt es sich um eine kleine Elektronik, die zwischen einem Taster und dem XBox Adaptive Controller eingesetzt werden kann.<br>Diese Elektronik erm\u00f6glicht eine Selbsthaltung der Tast-Funktion, ohne die Taste dauerhaft dr\u00fccken zu m\u00fcssen.<\/p>\n\n\n\n<p>Auf den Bedarf dieser Funktion wurde ich durch Melly aufmerksam gemacht und dabei ist dieses kleine Testger\u00e4t entstanden.<br>Mehr zu Melly k\u00f6nnt ihr auf Ihrem Blog <a href=\"https:\/\/meilert.net\/\">https:\/\/meilert.net\/<\/a> oder auf Twitter <a href=\"https:\/\/twitter.com\/melly_maeh\">https:\/\/twitter.com\/melly_maeh<\/a> erfahren.<\/p>\n\n\n\n<p><strong>Benutzerfunktion<\/strong><\/p>\n\n\n\n<p>Einmal Taste dr\u00fccken und ein Kontakt wird geschlossen, der mit dem XBox Adaptive Controller verbunden ist. Eine LED zeigt den Status an.<br>Nochmal die Taste dr\u00fccken und der Kontakt wird wieder ge\u00f6ffnet.<br>Dadurch muss die Taste nicht dauerhaft gedr\u00fcckt werden.<\/p>\n\n\n\n<p><strong>Elektronische Funktionsbeschreibung<\/strong><\/p>\n\n\n\n<p>Es handelt sich bei der Schaltung um eine bistabile Kippstufe, die mit einem einzelnen Taster zwischen den beiden stabilen Zust\u00e4nden umgeschaltet werden kann. Eine ausf\u00fchrliche Beschreibung der Grundfunktion k\u00f6nnte ihr auf dieser Seite finden: <a href=\"http:\/\/www.dieelektronikerseite.de\/Lections\/Stromstossschaltung%20-%20Nur%20ein%20Klick.htm\">http:\/\/www.dieelektronikerseite.de\/Lections\/Stromstossschaltung%20-%20Nur%20ein%20Klick.htm<\/a><\/p>\n\n\n\n<p>Die gezeigte Schaltung habe ich etwas an meine vorhandenen Bauteile angepasst, den Strombedarf etwas reduziert und zus\u00e4tzlich ein Reed-Relais eingesetzt um den <a href=\"https:\/\/support.xbox.com\/en-US\/help\/account-profile\/accessibility\/xbox-adaptive-controller-input-device-specification\">Spezifikationen <\/a>des XBox Adaptive Controllers zu entsprechen.<\/p>\n\n\n\n<p>Als Spannungsversorgung kann ein freier USB Anschluss des XBox Adaptive Controller verwendet werden.<\/p>\n\n\n\n<p>Vor dem Aufbau mit einer Leiterplatte habe ich die Funktion auf einem Steckbrett getestet:<\/p>\n\n\n\n<figure class=\"wp-block-embed is-type-video is-provider-youtube wp-block-embed-youtube wp-embed-aspect-16-9 wp-has-aspect-ratio\"><div class=\"wp-block-embed__wrapper\">\n<div class=\"ast-oembed-container\"><iframe title=\"Taster mit Selbsthaltung, LED-Anzeige und Reed-Relais\" width=\"500\" height=\"281\" src=\"https:\/\/www.youtube.com\/embed\/RP3qliKeLuE?feature=oembed\" frameborder=\"0\" allow=\"accelerometer; autoplay; clipboard-write; encrypted-media; gyroscope; picture-in-picture\" allowfullscreen><\/iframe><\/div>\n<\/div><\/figure>\n\n\n\n<p>Dies ist der Schaltplan und das Layout, welche ich erstellt und verwendet habe:<\/p>\n\n\n\n<!-- index.php -->\n<div\n\tclass=\"ngg-galleryoverview ngg-ajax-pagination-none\"\n\tid=\"ngg-gallery-836ab78592bceaddf6cf0630aea592a7-1\">\n\n    \t\t<!-- Thumbnails -->\n\t\t\t\t<div id=\"ngg-image-0\" class=\"ngg-gallery-thumbnail-box\" >\n\t\t\t\t        <div class=\"ngg-gallery-thumbnail\">\n            <a href=\"http:\/\/www.johannes-online.de\/wordpress\/wp-content\/gallery\/taster-selbsthaltung\/2021-01-21-15_15_00-Window.png\"\n               title=\"\"\n               data-src=\"http:\/\/www.johannes-online.de\/wordpress\/wp-content\/gallery\/taster-selbsthaltung\/2021-01-21-15_15_00-Window.png\"\n               data-thumbnail=\"http:\/\/www.johannes-online.de\/wordpress\/wp-content\/gallery\/taster-selbsthaltung\/thumbs\/thumbs_2021-01-21-15_15_00-Window.png\"\n               data-image-id=\"605\"\n               data-title=\"2021-01-21-15_15_00-Window\"\n               data-description=\"\"\n               data-image-slug=\"2021-01-21-15_15_00-window\"\n               class=\"shutterset_836ab78592bceaddf6cf0630aea592a7\">\n                <img\n                    title=\"2021-01-21-15_15_00-Window\"\n                    alt=\"2021-01-21-15_15_00-Window\"\n                    src=\"http:\/\/www.johannes-online.de\/wordpress\/wp-content\/gallery\/taster-selbsthaltung\/thumbs\/thumbs_2021-01-21-15_15_00-Window.png\"\n                    width=\"160\"\n                    height=\"120\"\n                    style=\"max-width:100%;\"\n                \/>\n            <\/a>\n        <\/div>\n\t\t\t\t\t\t\t<\/div> \n\t\t\t\n        \n\t\t\t\t<div id=\"ngg-image-1\" class=\"ngg-gallery-thumbnail-box\" >\n\t\t\t\t        <div class=\"ngg-gallery-thumbnail\">\n            <a href=\"http:\/\/www.johannes-online.de\/wordpress\/wp-content\/gallery\/taster-selbsthaltung\/2021-01-21-14_22_57-Window.png\"\n               title=\"\"\n               data-src=\"http:\/\/www.johannes-online.de\/wordpress\/wp-content\/gallery\/taster-selbsthaltung\/2021-01-21-14_22_57-Window.png\"\n               data-thumbnail=\"http:\/\/www.johannes-online.de\/wordpress\/wp-content\/gallery\/taster-selbsthaltung\/thumbs\/thumbs_2021-01-21-14_22_57-Window.png\"\n               data-image-id=\"606\"\n               data-title=\"2021-01-21-14_22_57-Window\"\n               data-description=\"\"\n               data-image-slug=\"2021-01-21-14_22_57-window\"\n               class=\"shutterset_836ab78592bceaddf6cf0630aea592a7\">\n                <img\n                    title=\"2021-01-21-14_22_57-Window\"\n                    alt=\"2021-01-21-14_22_57-Window\"\n                    src=\"http:\/\/www.johannes-online.de\/wordpress\/wp-content\/gallery\/taster-selbsthaltung\/thumbs\/thumbs_2021-01-21-14_22_57-Window.png\"\n                    width=\"160\"\n                    height=\"120\"\n                    style=\"max-width:100%;\"\n                \/>\n            <\/a>\n        <\/div>\n\t\t\t\t\t\t\t<\/div> \n\t\t\t\n        \n\t\t\n\t\t<div class=\"ngg-clear\"><\/div>\n\t<\/div>\n\n\n\n\n<div class=\"wp-block-file\"><a href=\"http:\/\/www.johannes-online.de\/wordpress\/wp-content\/uploads\/2021\/01\/Taster_Selbsthaltung_Xbox_Adaptive_Controller_Leiterplatte_V1.zip\">Taster_Selbsthaltung_Xbox_Adaptive_Controller_Leiterplatte_V1<\/a><a href=\"http:\/\/www.johannes-online.de\/wordpress\/wp-content\/uploads\/2021\/01\/Taster_Selbsthaltung_Xbox_Adaptive_Controller_Leiterplatte_V1.zip\" class=\"wp-block-file__button\" download>Herunterladen<\/a><\/div>\n\n\n\n<p>und eine Liste der verwendeten Bauteile:<\/p>\n\n\n\n<figure class=\"wp-block-table aligncenter is-style-regular\"><table><tbody><tr><td><strong>Position<\/strong><\/td><td><strong>Bezeichnung<\/strong><\/td><td><strong>Anzahl<\/strong><\/td><\/tr><tr><td>C1, C2<\/td><td>Elektrolytkondensator 22 \u00b5F<\/td><td>2<\/td><\/tr><tr><td>D1, D2<\/td><td>Diode 1N4007<\/td><td>2<\/td><\/tr><tr><td>K1<\/td><td>Reed-Relais V23100-V4005-A010<\/td><td>1<\/td><\/tr><tr><td>LED1<\/td><td>LED 5mm, rot<\/td><td>1<\/td><\/tr><tr><td>Q1, Q2<\/td><td>Transistor BC547<\/td><td>2<\/td><\/tr><tr><td>R1, R2, R3, R4, R5<\/td><td>Widerstand 1k Ohm<\/td><td>5<\/td><\/tr><tr><td>R6, R7, R8<\/td><td>Widerstand 10k Ohm<\/td><td>3<\/td><\/tr><\/tbody><\/table><\/figure>\n\n\n\n<p><\/p>\n\n\n\n<p>F\u00fcr die Leiterplatte habe ich eine 30&#215;70 mm Lochrasterplatine verwendet und dort die im Layout gezeigte Schaltung verl\u00f6tet.<\/p>\n\n\n\n<!-- index.php -->\n<div\n\tclass=\"ngg-galleryoverview ngg-ajax-pagination-none\"\n\tid=\"ngg-gallery-044113fa41888e5565fa19f45124b5aa-1\">\n\n    \t\t<!-- Thumbnails -->\n\t\t\t\t<div id=\"ngg-image-0\" class=\"ngg-gallery-thumbnail-box\" >\n\t\t\t\t        <div class=\"ngg-gallery-thumbnail\">\n            <a href=\"http:\/\/www.johannes-online.de\/wordpress\/wp-content\/gallery\/taster-selbsthaltung-platine\/IMG_20210118_213207.jpg\"\n               title=\"\"\n               data-src=\"http:\/\/www.johannes-online.de\/wordpress\/wp-content\/gallery\/taster-selbsthaltung-platine\/IMG_20210118_213207.jpg\"\n               data-thumbnail=\"http:\/\/www.johannes-online.de\/wordpress\/wp-content\/gallery\/taster-selbsthaltung-platine\/thumbs\/thumbs_IMG_20210118_213207.jpg\"\n               data-image-id=\"609\"\n               data-title=\"IMG_20210118_213207\"\n               data-description=\"\"\n               data-image-slug=\"img_20210118_213207\"\n               class=\"shutterset_044113fa41888e5565fa19f45124b5aa\">\n                <img\n                    title=\"IMG_20210118_213207\"\n                    alt=\"IMG_20210118_213207\"\n                    src=\"http:\/\/www.johannes-online.de\/wordpress\/wp-content\/gallery\/taster-selbsthaltung-platine\/thumbs\/thumbs_IMG_20210118_213207.jpg\"\n                    width=\"160\"\n                    height=\"120\"\n                    style=\"max-width:100%;\"\n                \/>\n            <\/a>\n        <\/div>\n\t\t\t\t\t\t\t<\/div> \n\t\t\t\n        \n\t\t\n\t\t<div class=\"ngg-clear\"><\/div>\n\t<\/div>\n\n\n\n\n<p>F\u00fcr die Verbindungen zum Taster, zum XBox Adaptive Controller und f\u00fcr die Spannungsversorgung habe ich Kabel verwendet, die ich \u00fcbrig hatte.<\/p>\n\n\n\n<ul><li>3,5 mm Stereo Klinkenbuchse mit Kabel f\u00fcr den Anschluss des Tasters<\/li><li>3,5 mm Stereo Klinkenstecker mit Kabel f\u00fcr den Anschluss am XBox Adaptive Controller<\/li><li>USB-A Stecker mit Kabel f\u00fcr die Spannungsversorgung<\/li><\/ul>\n\n\n\n<!-- index.php -->\n<div\n\tclass=\"ngg-galleryoverview ngg-ajax-pagination-none\"\n\tid=\"ngg-gallery-07dfd691932057215d5b95255cdccabd-1\">\n\n    \t\t<!-- Thumbnails -->\n\t\t\t\t<div id=\"ngg-image-0\" class=\"ngg-gallery-thumbnail-box\" >\n\t\t\t\t        <div class=\"ngg-gallery-thumbnail\">\n            <a href=\"http:\/\/www.johannes-online.de\/wordpress\/wp-content\/gallery\/taster-selbsthaltung-kabel\/IMG_20210119_160124.jpg\"\n               title=\"\"\n               data-src=\"http:\/\/www.johannes-online.de\/wordpress\/wp-content\/gallery\/taster-selbsthaltung-kabel\/IMG_20210119_160124.jpg\"\n               data-thumbnail=\"http:\/\/www.johannes-online.de\/wordpress\/wp-content\/gallery\/taster-selbsthaltung-kabel\/thumbs\/thumbs_IMG_20210119_160124.jpg\"\n               data-image-id=\"612\"\n               data-title=\"IMG_20210119_160124\"\n               data-description=\"\"\n               data-image-slug=\"img_20210119_160124\"\n               class=\"shutterset_07dfd691932057215d5b95255cdccabd\">\n                <img\n                    title=\"IMG_20210119_160124\"\n                    alt=\"IMG_20210119_160124\"\n                    src=\"http:\/\/www.johannes-online.de\/wordpress\/wp-content\/gallery\/taster-selbsthaltung-kabel\/thumbs\/thumbs_IMG_20210119_160124.jpg\"\n                    width=\"160\"\n                    height=\"120\"\n                    style=\"max-width:100%;\"\n                \/>\n            <\/a>\n        <\/div>\n\t\t\t\t\t\t\t<\/div> \n\t\t\t\n        \n\t\t\t\t<div id=\"ngg-image-1\" class=\"ngg-gallery-thumbnail-box\" >\n\t\t\t\t        <div class=\"ngg-gallery-thumbnail\">\n            <a href=\"http:\/\/www.johannes-online.de\/wordpress\/wp-content\/gallery\/taster-selbsthaltung-kabel\/IMG_20210119_160155.jpg\"\n               title=\"\"\n               data-src=\"http:\/\/www.johannes-online.de\/wordpress\/wp-content\/gallery\/taster-selbsthaltung-kabel\/IMG_20210119_160155.jpg\"\n               data-thumbnail=\"http:\/\/www.johannes-online.de\/wordpress\/wp-content\/gallery\/taster-selbsthaltung-kabel\/thumbs\/thumbs_IMG_20210119_160155.jpg\"\n               data-image-id=\"611\"\n               data-title=\"IMG_20210119_160155\"\n               data-description=\"\"\n               data-image-slug=\"img_20210119_160155\"\n               class=\"shutterset_07dfd691932057215d5b95255cdccabd\">\n                <img\n                    title=\"IMG_20210119_160155\"\n                    alt=\"IMG_20210119_160155\"\n                    src=\"http:\/\/www.johannes-online.de\/wordpress\/wp-content\/gallery\/taster-selbsthaltung-kabel\/thumbs\/thumbs_IMG_20210119_160155.jpg\"\n                    width=\"160\"\n                    height=\"120\"\n                    style=\"max-width:100%;\"\n                \/>\n            <\/a>\n        <\/div>\n\t\t\t\t\t\t\t<\/div> \n\t\t\t\n        \n\t\t\t\t<div id=\"ngg-image-2\" class=\"ngg-gallery-thumbnail-box\" >\n\t\t\t\t        <div class=\"ngg-gallery-thumbnail\">\n            <a href=\"http:\/\/www.johannes-online.de\/wordpress\/wp-content\/gallery\/taster-selbsthaltung-kabel\/IMG_20210119_160240.jpg\"\n               title=\"\"\n               data-src=\"http:\/\/www.johannes-online.de\/wordpress\/wp-content\/gallery\/taster-selbsthaltung-kabel\/IMG_20210119_160240.jpg\"\n               data-thumbnail=\"http:\/\/www.johannes-online.de\/wordpress\/wp-content\/gallery\/taster-selbsthaltung-kabel\/thumbs\/thumbs_IMG_20210119_160240.jpg\"\n               data-image-id=\"610\"\n               data-title=\"IMG_20210119_160240\"\n               data-description=\"\"\n               data-image-slug=\"img_20210119_160240\"\n               class=\"shutterset_07dfd691932057215d5b95255cdccabd\">\n                <img\n                    title=\"IMG_20210119_160240\"\n                    alt=\"IMG_20210119_160240\"\n                    src=\"http:\/\/www.johannes-online.de\/wordpress\/wp-content\/gallery\/taster-selbsthaltung-kabel\/thumbs\/thumbs_IMG_20210119_160240.jpg\"\n                    width=\"160\"\n                    height=\"120\"\n                    style=\"max-width:100%;\"\n                \/>\n            <\/a>\n        <\/div>\n\t\t\t\t\t\t\t<\/div> \n\t\t\t\n        \n\t\t\n\t\t<div class=\"ngg-clear\"><\/div>\n\t<\/div>\n\n\n\n\n<p><strong>Geh\u00e4use<\/strong><\/p>\n\n\n\n<p>F\u00fcr den Einbau der Elektronik habe ich ein Geh\u00e4use konstruiert und mit meinem 3D-Drucker in PLA gedruckt. <\/p>\n\n\n\n<!-- index.php -->\n<div\n\tclass=\"ngg-galleryoverview ngg-ajax-pagination-none\"\n\tid=\"ngg-gallery-cae46f08240ea78db5779f1f0ad5064c-1\">\n\n    \t\t<!-- Thumbnails -->\n\t\t\t\t<div id=\"ngg-image-0\" class=\"ngg-gallery-thumbnail-box\" >\n\t\t\t\t        <div class=\"ngg-gallery-thumbnail\">\n            <a href=\"http:\/\/www.johannes-online.de\/wordpress\/wp-content\/gallery\/taster-selbsthaltung-gehaeuse\/2021-01-18-21_32_57-Window.png\"\n               title=\"\"\n               data-src=\"http:\/\/www.johannes-online.de\/wordpress\/wp-content\/gallery\/taster-selbsthaltung-gehaeuse\/2021-01-18-21_32_57-Window.png\"\n               data-thumbnail=\"http:\/\/www.johannes-online.de\/wordpress\/wp-content\/gallery\/taster-selbsthaltung-gehaeuse\/thumbs\/thumbs_2021-01-18-21_32_57-Window.png\"\n               data-image-id=\"607\"\n               data-title=\"2021-01-18-21_32_57-Window\"\n               data-description=\"\"\n               data-image-slug=\"2021-01-18-21_32_57-window\"\n               class=\"shutterset_cae46f08240ea78db5779f1f0ad5064c\">\n                <img\n                    title=\"2021-01-18-21_32_57-Window\"\n                    alt=\"2021-01-18-21_32_57-Window\"\n                    src=\"http:\/\/www.johannes-online.de\/wordpress\/wp-content\/gallery\/taster-selbsthaltung-gehaeuse\/thumbs\/thumbs_2021-01-18-21_32_57-Window.png\"\n                    width=\"160\"\n                    height=\"120\"\n                    style=\"max-width:100%;\"\n                \/>\n            <\/a>\n        <\/div>\n\t\t\t\t\t\t\t<\/div> \n\t\t\t\n        \n\t\t\t\t<div id=\"ngg-image-1\" class=\"ngg-gallery-thumbnail-box\" >\n\t\t\t\t        <div class=\"ngg-gallery-thumbnail\">\n            <a href=\"http:\/\/www.johannes-online.de\/wordpress\/wp-content\/gallery\/taster-selbsthaltung-gehaeuse\/IMG_20210119_160318.jpg\"\n               title=\"\"\n               data-src=\"http:\/\/www.johannes-online.de\/wordpress\/wp-content\/gallery\/taster-selbsthaltung-gehaeuse\/IMG_20210119_160318.jpg\"\n               data-thumbnail=\"http:\/\/www.johannes-online.de\/wordpress\/wp-content\/gallery\/taster-selbsthaltung-gehaeuse\/thumbs\/thumbs_IMG_20210119_160318.jpg\"\n               data-image-id=\"608\"\n               data-title=\"IMG_20210119_160318\"\n               data-description=\"\"\n               data-image-slug=\"img_20210119_160318\"\n               class=\"shutterset_cae46f08240ea78db5779f1f0ad5064c\">\n                <img\n                    title=\"IMG_20210119_160318\"\n                    alt=\"IMG_20210119_160318\"\n                    src=\"http:\/\/www.johannes-online.de\/wordpress\/wp-content\/gallery\/taster-selbsthaltung-gehaeuse\/thumbs\/thumbs_IMG_20210119_160318.jpg\"\n                    width=\"160\"\n                    height=\"120\"\n                    style=\"max-width:100%;\"\n                \/>\n            <\/a>\n        <\/div>\n\t\t\t\t\t\t\t<\/div> \n\t\t\t\n        \n\t\t\n\t\t<div class=\"ngg-clear\"><\/div>\n\t<\/div>\n\n\n\n\n<div class=\"wp-block-file\"><a href=\"http:\/\/www.johannes-online.de\/wordpress\/wp-content\/uploads\/2021\/01\/Taster_Selbsthaltung_Xbox_Adaptive_Controller_Gehaeuse_V1.zip\">Taster_Selbsthaltung_Xbox_Adaptive_Controller_Geh\u00e4use_V1<\/a><a href=\"http:\/\/www.johannes-online.de\/wordpress\/wp-content\/uploads\/2021\/01\/Taster_Selbsthaltung_Xbox_Adaptive_Controller_Gehaeuse_V1.zip\" class=\"wp-block-file__button\" download>Herunterladen<\/a><\/div>\n\n\n\n<p><strong>Fertig<\/strong><\/p>\n\n\n\n<p>Zusammengebaut und funktionsf\u00e4hig sieht das ganze Ger\u00e4t so aus:<\/p>\n\n\n\n<!-- index.php -->\n<div\n\tclass=\"ngg-galleryoverview ngg-ajax-pagination-none\"\n\tid=\"ngg-gallery-10aac8a0f12782e6d6d4ef0a8490c89c-1\">\n\n    \t\t<!-- Thumbnails -->\n\t\t\t\t<div id=\"ngg-image-0\" class=\"ngg-gallery-thumbnail-box\" >\n\t\t\t\t        <div class=\"ngg-gallery-thumbnail\">\n            <a href=\"http:\/\/www.johannes-online.de\/wordpress\/wp-content\/gallery\/taster-selbsthaltung-fertig\/IMG_20210119_161400.jpg\"\n               title=\"\"\n               data-src=\"http:\/\/www.johannes-online.de\/wordpress\/wp-content\/gallery\/taster-selbsthaltung-fertig\/IMG_20210119_161400.jpg\"\n               data-thumbnail=\"http:\/\/www.johannes-online.de\/wordpress\/wp-content\/gallery\/taster-selbsthaltung-fertig\/thumbs\/thumbs_IMG_20210119_161400.jpg\"\n               data-image-id=\"613\"\n               data-title=\"IMG_20210119_161400\"\n               data-description=\"\"\n               data-image-slug=\"img_20210119_161400\"\n               class=\"shutterset_10aac8a0f12782e6d6d4ef0a8490c89c\">\n                <img\n                    title=\"IMG_20210119_161400\"\n                    alt=\"IMG_20210119_161400\"\n                    src=\"http:\/\/www.johannes-online.de\/wordpress\/wp-content\/gallery\/taster-selbsthaltung-fertig\/thumbs\/thumbs_IMG_20210119_161400.jpg\"\n                    width=\"160\"\n                    height=\"120\"\n                    style=\"max-width:100%;\"\n                \/>\n            <\/a>\n        <\/div>\n\t\t\t\t\t\t\t<\/div> \n\t\t\t\n        \n\t\t\t\t<div id=\"ngg-image-1\" class=\"ngg-gallery-thumbnail-box\" >\n\t\t\t\t        <div class=\"ngg-gallery-thumbnail\">\n            <a href=\"http:\/\/www.johannes-online.de\/wordpress\/wp-content\/gallery\/taster-selbsthaltung-fertig\/IMG_20210119_161400-Text.jpg\"\n               title=\"\"\n               data-src=\"http:\/\/www.johannes-online.de\/wordpress\/wp-content\/gallery\/taster-selbsthaltung-fertig\/IMG_20210119_161400-Text.jpg\"\n               data-thumbnail=\"http:\/\/www.johannes-online.de\/wordpress\/wp-content\/gallery\/taster-selbsthaltung-fertig\/thumbs\/thumbs_IMG_20210119_161400-Text.jpg\"\n               data-image-id=\"614\"\n               data-title=\"IMG_20210119_161400-Text\"\n               data-description=\"\"\n               data-image-slug=\"img_20210119_161400-text\"\n               class=\"shutterset_10aac8a0f12782e6d6d4ef0a8490c89c\">\n                <img\n                    title=\"IMG_20210119_161400-Text\"\n                    alt=\"IMG_20210119_161400-Text\"\n                    src=\"http:\/\/www.johannes-online.de\/wordpress\/wp-content\/gallery\/taster-selbsthaltung-fertig\/thumbs\/thumbs_IMG_20210119_161400-Text.jpg\"\n                    width=\"160\"\n                    height=\"120\"\n                    style=\"max-width:100%;\"\n                \/>\n            <\/a>\n        <\/div>\n\t\t\t\t\t\t\t<\/div> \n\t\t\t\n        \n\t\t\n\t\t<div class=\"ngg-clear\"><\/div>\n\t<\/div>\n\n\n\n\n<figure class=\"wp-block-embed is-type-video is-provider-youtube wp-block-embed-youtube wp-embed-aspect-16-9 wp-has-aspect-ratio\"><div class=\"wp-block-embed__wrapper\">\n<div class=\"ast-oembed-container\"><iframe title=\"Taster mit Selbsthaltung, LED-Anzeige und Reed-Relais - Final\" width=\"500\" height=\"281\" src=\"https:\/\/www.youtube.com\/embed\/2iWaojsw_O0?feature=oembed\" frameborder=\"0\" allow=\"accelerometer; autoplay; clipboard-write; encrypted-media; gyroscope; picture-in-picture\" allowfullscreen><\/iframe><\/div>\n<\/div><\/figure>\n\n\n\n<p><strong>Anmerkungen und Ausblick<\/strong><\/p>\n\n\n\n<p>Die Schaltung habe ich komplett mit bereits vorhandenen Bauteilen umgesetzt, daher ist es weit weg von einer optimalen Umsetzung.<br>Ich habe schon ein paar Ideen, wie man die Schaltung mit geeigneteren Bauteilen und das Geh\u00e4use deutlich kompakter aufbauen k\u00f6nnte.<br>Zus\u00e4tzlich k\u00f6nnte man auch eine Umschaltung zwischen einer normalen Tasten-Funktion und einer Selbsthaltefunktion umsetzen.<\/p>\n\n\n\n<p>Erstmal wird jetzt aber getestet!<\/p>\n\n\n\n<p><strong>Links<\/strong><\/p>\n\n\n\n<p>Microsoft XBox Adaptive Controller:<br><a href=\"https:\/\/www.xbox.com\/de-DE\/accessories\/controllers\/xbox-adaptive-controller\">https:\/\/www.xbox.com\/de-DE\/accessories\/controllers\/xbox-adaptive-controller<\/a><\/p>\n\n\n\n<p>Microsoft XBox Adaptive Controller input specification for device makers:<br><a href=\"https:\/\/support.xbox.com\/en-US\/help\/account-profile\/accessibility\/xbox-adaptive-controller-input-device-specification\">https:\/\/support.xbox.com\/en-US\/help\/account-profile\/accessibility\/xbox-adaptive-controller-input-device-specification<\/a><\/p>\n","protected":false},"excerpt":{"rendered":"<p>Hierbei handelt es sich um eine kleine Elektronik, die zwischen einem Taster und dem XBox Adaptive Controller eingesetzt werden kann.Diese Elektronik erm\u00f6glicht eine Selbsthaltung der Tast-Funktion, ohne die Taste dauerhaft dr\u00fccken zu m\u00fcssen. Auf den Bedarf dieser Funktion wurde ich durch Melly aufmerksam gemacht und dabei ist dieses kleine Testger\u00e4t entstanden.Mehr zu Melly k\u00f6nnt ihr &hellip;<\/p>\n<p class=\"read-more\"> <a class=\"\" href=\"http:\/\/www.johannes-online.de\/wordpress\/?page_id=1063\"> <span class=\"screen-reader-text\">Selbsthaltung f\u00fcr Taster an XBox Adaptive Controller<\/span> Weiterlesen &raquo;<\/a><\/p>\n","protected":false},"author":1,"featured_media":0,"parent":0,"menu_order":0,"comment_status":"closed","ping_status":"closed","template":"","meta":{"ngg_post_thumbnail":0},"_links":{"self":[{"href":"http:\/\/www.johannes-online.de\/wordpress\/index.php?rest_route=\/wp\/v2\/pages\/1063"}],"collection":[{"href":"http:\/\/www.johannes-online.de\/wordpress\/index.php?rest_route=\/wp\/v2\/pages"}],"about":[{"href":"http:\/\/www.johannes-online.de\/wordpress\/index.php?rest_route=\/wp\/v2\/types\/page"}],"author":[{"embeddable":true,"href":"http:\/\/www.johannes-online.de\/wordpress\/index.php?rest_route=\/wp\/v2\/users\/1"}],"replies":[{"embeddable":true,"href":"http:\/\/www.johannes-online.de\/wordpress\/index.php?rest_route=%2Fwp%2Fv2%2Fcomments&post=1063"}],"version-history":[{"count":26,"href":"http:\/\/www.johannes-online.de\/wordpress\/index.php?rest_route=\/wp\/v2\/pages\/1063\/revisions"}],"predecessor-version":[{"id":1610,"href":"http:\/\/www.johannes-online.de\/wordpress\/index.php?rest_route=\/wp\/v2\/pages\/1063\/revisions\/1610"}],"wp:attachment":[{"href":"http:\/\/www.johannes-online.de\/wordpress\/index.php?rest_route=%2Fwp%2Fv2%2Fmedia&parent=1063"}],"curies":[{"name":"wp","href":"https:\/\/api.w.org\/{rel}","templated":true}]}}