{"id":2,"date":"2008-01-23T22:04:53","date_gmt":"2008-01-23T21:04:53","guid":{"rendered":""},"modified":"2021-01-21T13:00:05","modified_gmt":"2021-01-21T11:00:05","slug":"impressum","status":"publish","type":"page","link":"http:\/\/www.johannes-online.de\/wordpress\/?page_id=2","title":{"rendered":"Impressum"},"content":{"rendered":"<p>Da es sich hier nach \u00a7 5 TMG \/ \u00a7 55 RStV um eine Website handelt, die ausschlie\u00dflich pers\u00f6nlichen Zwecken dient, ist kein vollst\u00e4ndiges Impressum vorhanden.<br \/>\nWer Kontakt zu mir aufnehmen m\u00f6chte kann dies \u00fcber die folgende Mail-Adresse tun:<\/p>\n<p>admin (at) johannes-online.de<\/p>\n<p>(Bitte mit einem ordentlichen Betreff in der Mail, sonst kommt das nicht durch den Spam-Filter)<\/p>\n<p><strong>Google Analytics<\/strong><strong><br \/>\n<\/strong>Diese Website benutzt Google Analytics, einen Webanalysedienst der Google Inc. (http:\/\/www.google.com) Google Analytics verwendet sogenannte Cookies, Textdateien, die auf Ihrem Computer gespeichert werden und die eine Analyse der Benutzung der Website durch Sie erm\u00f6glicht. Die durch den Cookie erzeugten Informationen \u00fcber Ihre Benutzung diese Website (einschlie\u00dflich Ihrer IP-Adresse) wird an einen Server von Google in den USA \u00fcbertragen und dort gespeichert. Google wird diese Informationen benutzen, um Ihre Nutzung der Website auszuwerten, um Reports \u00fcber die Websiteaktivit\u00e4ten f\u00fcr die Websitebetreiber zusammenzustellen und um weitere mit der Websitenutzung und der Internetnutzung verbundene Dienstleistungen zu erbringen. Auch wird Google diese Informationen gegebenenfalls an Dritte \u00fcbertragen, sofern dies gesetzlich vorgeschrieben oder soweit Dritte diese Daten im Auftrag von Google verarbeiten. Google wird in keinem Fall Ihre IP-Adresse mit anderen Daten der Google in Verbindung bringen. Sie k\u00f6nnen die Installation der Cookies durch eine entsprechende Einstellung Ihrer Browser Software verhindern; wir weisen Sie jedoch darauf hin, dass Sie in diesem Fall gegebenenfalls nicht s\u00e4mtliche Funktionen dieser Website voll umf\u00e4nglich nutzen k\u00f6nnen. Durch die Nutzung dieser Website erkl\u00e4ren Sie sich mit der Bearbeitung der \u00fcber Sie erhobenen Daten durch Google in der zuvor beschriebenen Art und Weise und zu dem zuvor benannten Zweck einverstanden.<\/p>\n","protected":false},"excerpt":{"rendered":"<p>Da es sich hier nach \u00a7 5 TMG \/ \u00a7 55 RStV um eine Website handelt, die ausschlie\u00dflich pers\u00f6nlichen Zwecken dient, ist kein vollst\u00e4ndiges Impressum vorhanden. Wer Kontakt zu mir aufnehmen m\u00f6chte kann dies \u00fcber die folgende Mail-Adresse tun: admin (at) johannes-online.de (Bitte mit einem ordentlichen Betreff in der Mail, sonst kommt das nicht durch &hellip;<\/p>\n<p class=\"read-more\"> <a class=\"\" href=\"http:\/\/www.johannes-online.de\/wordpress\/?page_id=2\"> <span class=\"screen-reader-text\">Impressum<\/span> Weiterlesen &raquo;<\/a><\/p>\n","protected":false},"author":1,"featured_media":0,"parent":0,"menu_order":310,"comment_status":"closed","ping_status":"closed","template":"","meta":{"ngg_post_thumbnail":0},"_links":{"self":[{"href":"http:\/\/www.johannes-online.de\/wordpress\/index.php?rest_route=\/wp\/v2\/pages\/2"}],"collection":[{"href":"http:\/\/www.johannes-online.de\/wordpress\/index.php?rest_route=\/wp\/v2\/pages"}],"about":[{"href":"http:\/\/www.johannes-online.de\/wordpress\/index.php?rest_route=\/wp\/v2\/types\/page"}],"author":[{"embeddable":true,"href":"http:\/\/www.johannes-online.de\/wordpress\/index.php?rest_route=\/wp\/v2\/users\/1"}],"replies":[{"embeddable":true,"href":"http:\/\/www.johannes-online.de\/wordpress\/index.php?rest_route=%2Fwp%2Fv2%2Fcomments&post=2"}],"version-history":[{"count":8,"href":"http:\/\/www.johannes-online.de\/wordpress\/index.php?rest_route=\/wp\/v2\/pages\/2\/revisions"}],"predecessor-version":[{"id":1041,"href":"http:\/\/www.johannes-online.de\/wordpress\/index.php?rest_route=\/wp\/v2\/pages\/2\/revisions\/1041"}],"wp:attachment":[{"href":"http:\/\/www.johannes-online.de\/wordpress\/index.php?rest_route=%2Fwp%2Fv2%2Fmedia&parent=2"}],"curies":[{"name":"wp","href":"https:\/\/api.w.org\/{rel}","templated":true}]}}